{"id":95,"date":"2013-11-11T17:35:57","date_gmt":"2013-11-11T17:35:57","guid":{"rendered":"http:\/\/www.mahlendorf.de\/wp_klt\/?page_id=95"},"modified":"2022-06-30T12:12:41","modified_gmt":"2022-06-30T12:12:41","slug":"vita","status":"publish","type":"page","link":"https:\/\/www.mahlendorf.de\/wp_klt\/vita\/","title":{"rendered":"Vita"},"content":{"rendered":"<p><a href=\"https:\/\/www.mahlendorf.de\/wp_klt\/wp-content\/uploads\/2022\/06\/Portraet-internet.jpg\"><img loading=\"lazy\" decoding=\"async\" class=\"alignnone size-full wp-image-1103\" src=\"https:\/\/www.mahlendorf.de\/wp_klt\/wp-content\/uploads\/2022\/06\/Portraet-internet.jpg\" alt=\"\" width=\"300\" height=\"450\" srcset=\"https:\/\/www.mahlendorf.de\/wp_klt\/wp-content\/uploads\/2022\/06\/Portraet-internet.jpg 300w, https:\/\/www.mahlendorf.de\/wp_klt\/wp-content\/uploads\/2022\/06\/Portraet-internet-200x300.jpg 200w\" sizes=\"auto, (max-width: 300px) 100vw, 300px\" \/><\/a><\/p>\n<p>&nbsp;<\/p>\n<p>Annette Mahlendorf studierte von 1984 bis1989 Objekt- Design an der Fachhochschule Niederrhein und vervollst\u00e4ndigte Ihre Ausbildung zur B\u00fchnen und Kost\u00fcmbildnerin von 1989 bis 1991 mit einem Stipendium am \u201eCalifornia Institute of the Arts\u201c.<\/p>\n<p>Nach einem dreij\u00e4hrigen Auslandsaufenthalt f\u00fchrte sie 1992 bis 1996 ihr erstes Engagement an die Vereinigten St\u00e4dtischen B\u00fchnen Krefeld\/M\u00f6nchengladbach.<\/p>\n<p>Von 1997 bis 2001 arbeitete Annette Mahlendorf zun\u00e4chst als \u00a0Ausstatterin und anschlie\u00dfend als Ausstattungsleiterin am Stadttheater Hof. Seit dem Jahr 2000 arbeitet sie als freie Ausstatterin und \u00a0kann \u00a0etwa 200 Ausstattungen aufweisen, unter anderem am Theater Krefeld\/M\u00f6nchengladbach, an den St\u00e4dtischen B\u00fchnen Wuppertal, am Deutschen Theater M\u00fcnchen, am Pfalztheater Kaiserslautern ,am \u00a0Schauspiel Essen und am Nationaltheater D\u00e4nemark \u00a0&#8222;Et Jyske Opera&#8220;<br \/>\nAnnette \u00a0Mahlendorf erhielt dreimal den Publikumspreis Theater Oscar der Rheinischen Post f\u00fcr die beste Ausstattung, sowie eine Nominierung gemeinsam mit G\u00fcnter Hellweg f\u00fcr beste Ausstattung \u00a0f\u00fcr die Produktion &#8222;Macbeth&#8220; am Theater Hof<\/p>\n","protected":false},"excerpt":{"rendered":"<p>&nbsp; Annette Mahlendorf studierte von 1984 bis1989 Objekt- Design an der Fachhochschule Niederrhein und vervollst\u00e4ndigte Ihre Ausbildung zur B\u00fchnen und Kost\u00fcmbildnerin von 1989 bis 1991 mit einem Stipendium am \u201eCalifornia Institute of the Arts\u201c. Nach einem dreij\u00e4hrigen Auslandsaufenthalt f\u00fchrte sie 1992 bis 1996 ihr erstes Engagement an die Vereinigten St\u00e4dtischen B\u00fchnen Krefeld\/M\u00f6nchengladbach. Von 1997 bis [&hellip;]<\/p>\n","protected":false},"author":1,"featured_media":0,"parent":0,"menu_order":0,"comment_status":"closed","ping_status":"closed","template":"","meta":{"footnotes":""},"class_list":["post-95","page","type-page","status-publish","hentry"],"_links":{"self":[{"href":"https:\/\/www.mahlendorf.de\/wp_klt\/wp-json\/wp\/v2\/pages\/95","targetHints":{"allow":["GET"]}}],"collection":[{"href":"https:\/\/www.mahlendorf.de\/wp_klt\/wp-json\/wp\/v2\/pages"}],"about":[{"href":"https:\/\/www.mahlendorf.de\/wp_klt\/wp-json\/wp\/v2\/types\/page"}],"author":[{"embeddable":true,"href":"https:\/\/www.mahlendorf.de\/wp_klt\/wp-json\/wp\/v2\/users\/1"}],"replies":[{"embeddable":true,"href":"https:\/\/www.mahlendorf.de\/wp_klt\/wp-json\/wp\/v2\/comments?post=95"}],"version-history":[{"count":11,"href":"https:\/\/www.mahlendorf.de\/wp_klt\/wp-json\/wp\/v2\/pages\/95\/revisions"}],"predecessor-version":[{"id":1104,"href":"https:\/\/www.mahlendorf.de\/wp_klt\/wp-json\/wp\/v2\/pages\/95\/revisions\/1104"}],"wp:attachment":[{"href":"https:\/\/www.mahlendorf.de\/wp_klt\/wp-json\/wp\/v2\/media?parent=95"}],"curies":[{"name":"wp","href":"https:\/\/api.w.org\/{rel}","templated":true}]}}